{"id":13,"date":"2025-05-03T19:37:21","date_gmt":"2025-05-03T17:37:21","guid":{"rendered":"https:\/\/www2.atelier-pagan.fr\/?page_id=13"},"modified":"2025-06-07T19:18:41","modified_gmt":"2025-06-07T17:18:41","slug":"accueil","status":"publish","type":"page","link":"https:\/\/www2.atelier-pagan.fr\/","title":{"rendered":"Accueil"},"content":{"rendered":"<div class=\"wp-block-group alignfull has-global-padding is-layout-constrained wp-container-core-group-is-layout-0c9c989a wp-block-group-is-layout-constrained\" style=\"min-height:0vh;margin-top:0;margin-bottom:0;padding-top:var(--wp--preset--spacing--70);padding-right:var(--wp--preset--spacing--40);padding-bottom:var(--wp--preset--spacing--70);padding-left:var(--wp--preset--spacing--40)\"><div class=\"wp-block-group has-global-padding is-layout-constrained wp-container-core-group-is-layout-346627ba wp-block-group-is-layout-constrained\"><h2 class=\"wp-block-heading has-text-align-center has-xx-large-font-size\" style=\"margin-right:0;margin-left:0;padding-right:0;padding-left:0\">Ferronnerie d&rsquo;art pour le Jardin<\/h2>\n\n<p class=\"has-text-align-center\"><\/p>\n\n<div class=\"wp-block-buttons is-content-justification-center is-layout-flex wp-container-core-buttons-is-layout-a89b3969 wp-block-buttons-is-layout-flex\"><div class=\"wp-block-button\"><a class=\"wp-block-button__link wp-element-button\">En savoir plus<\/a><\/div><\/div><\/div><\/div><div class=\"wp-block-group alignfull is-style-section-1 has-global-padding is-layout-constrained wp-block-group-is-layout-constrained\" style=\"margin-top:0;margin-bottom:0;padding-top:var(--wp--preset--spacing--80);padding-bottom:var(--wp--preset--spacing--80)\"><div class=\"wp-block-columns alignwide is-layout-flex wp-container-core-columns-is-layout-66fad18a wp-block-columns-is-layout-flex\"><div class=\"wp-block-column is-layout-flow wp-block-column-is-layout-flow\" style=\"padding-right:var(--wp--preset--spacing--50);flex-basis:45%\"><figure class=\"wp-block-image size-full\"><img loading=\"lazy\" decoding=\"async\" width=\"1920\" height=\"1080\" src=\"https:\/\/www2.atelier-pagan.fr\/wp-content\/uploads\/2025\/05\/DSCF4521-Grand.jpg\" alt=\"\" class=\"wp-image-14\" srcset=\"https:\/\/www2.atelier-pagan.fr\/wp-content\/uploads\/2025\/05\/DSCF4521-Grand.jpg 1920w, https:\/\/www2.atelier-pagan.fr\/wp-content\/uploads\/2025\/05\/DSCF4521-Grand-600x338.jpg 600w, https:\/\/www2.atelier-pagan.fr\/wp-content\/uploads\/2025\/05\/DSCF4521-Grand-300x169.jpg 300w, https:\/\/www2.atelier-pagan.fr\/wp-content\/uploads\/2025\/05\/DSCF4521-Grand-1024x576.jpg 1024w, https:\/\/www2.atelier-pagan.fr\/wp-content\/uploads\/2025\/05\/DSCF4521-Grand-768x432.jpg 768w, https:\/\/www2.atelier-pagan.fr\/wp-content\/uploads\/2025\/05\/DSCF4521-Grand-1536x864.jpg 1536w\" sizes=\"auto, (max-width: 1920px) 100vw, 1920px\" \/><\/figure>\n\n<div class=\"wp-block-group has-global-padding is-layout-constrained wp-block-group-is-layout-constrained\" style=\"margin-top:-12vw\"><figure class=\"wp-block-image alignright size-full is-resized\" style=\"margin-right:-5vw;margin-left:-5vw\"><img loading=\"lazy\" decoding=\"async\" width=\"1080\" height=\"1920\" src=\"https:\/\/www2.atelier-pagan.fr\/wp-content\/uploads\/2025\/05\/DSCF4564-Grand-rotated.jpg\" alt=\"\" class=\"wp-image-15\" style=\"width:202px\" srcset=\"https:\/\/www2.atelier-pagan.fr\/wp-content\/uploads\/2025\/05\/DSCF4564-Grand-rotated.jpg 1080w, https:\/\/www2.atelier-pagan.fr\/wp-content\/uploads\/2025\/05\/DSCF4564-Grand-rotated-600x1067.jpg 600w, https:\/\/www2.atelier-pagan.fr\/wp-content\/uploads\/2025\/05\/DSCF4564-Grand-169x300.jpg 169w, https:\/\/www2.atelier-pagan.fr\/wp-content\/uploads\/2025\/05\/DSCF4564-Grand-576x1024.jpg 576w, https:\/\/www2.atelier-pagan.fr\/wp-content\/uploads\/2025\/05\/DSCF4564-Grand-768x1365.jpg 768w, https:\/\/www2.atelier-pagan.fr\/wp-content\/uploads\/2025\/05\/DSCF4564-Grand-864x1536.jpg 864w\" sizes=\"auto, (max-width: 1080px) 100vw, 1080px\" \/><\/figure><\/div><\/div>\n\n<div class=\"wp-block-column is-vertically-aligned-center is-layout-flow wp-block-column-is-layout-flow\" style=\"padding-right:0;padding-left:0;flex-basis:50%\"><div class=\"wp-block-group is-vertical is-layout-flex wp-container-core-group-is-layout-fe9cc265 wp-block-group-is-layout-flex\"><h2 class=\"wp-block-heading is-style-text-annotation\">\u00c0 propos<\/h2><\/div>\n\n<p class=\"is-style-text-subtitle\">Bas\u00e9e \u00e0 Lanv\u00e9n\u00e9gen, l&rsquo;<strong>Atelier Pagan<\/strong> est une entreprise de ferronnerie d&rsquo;art. Depuis 2018, je fabrique des ornements pour le jardin,<br>simples, solides, \u00e9l\u00e9gants et a\u00e9riens.<\/p>\n\n<p class=\"is-style-text-subtitle\"><\/p><\/div><\/div><\/div><div class=\"wp-block-group alignfull has-global-padding is-layout-constrained wp-container-core-group-is-layout-ebee8dc1 wp-block-group-is-layout-constrained\" style=\"margin-top:0;margin-bottom:0;padding-top:var(--wp--preset--spacing--50);padding-bottom:var(--wp--preset--spacing--50)\"><h2 class=\"wp-block-heading alignwide\">Quelques cr\u00e9ations<\/h2>\n\n<div class=\"wp-block-columns alignwide is-layout-flex wp-container-core-columns-is-layout-28f84493 wp-block-columns-is-layout-flex\"><div class=\"wp-block-column is-layout-flow wp-block-column-is-layout-flow\"><figure class=\"wp-block-image size-full\" style=\"margin-bottom:24px\"><img loading=\"lazy\" decoding=\"async\" width=\"1767\" height=\"993\" src=\"https:\/\/www2.atelier-pagan.fr\/wp-content\/uploads\/2025\/05\/DSCF5022.jpg\" alt=\"\" class=\"wp-image-16\" style=\"aspect-ratio:4\/3;object-fit:cover\" srcset=\"https:\/\/www2.atelier-pagan.fr\/wp-content\/uploads\/2025\/05\/DSCF5022.jpg 1767w, https:\/\/www2.atelier-pagan.fr\/wp-content\/uploads\/2025\/05\/DSCF5022-600x337.jpg 600w, https:\/\/www2.atelier-pagan.fr\/wp-content\/uploads\/2025\/05\/DSCF5022-300x169.jpg 300w, https:\/\/www2.atelier-pagan.fr\/wp-content\/uploads\/2025\/05\/DSCF5022-1024x575.jpg 1024w, https:\/\/www2.atelier-pagan.fr\/wp-content\/uploads\/2025\/05\/DSCF5022-768x432.jpg 768w, https:\/\/www2.atelier-pagan.fr\/wp-content\/uploads\/2025\/05\/DSCF5022-1536x863.jpg 1536w\" sizes=\"auto, (max-width: 1767px) 100vw, 1767px\" \/><\/figure>\n\n<h3 class=\"wp-block-heading\">Abreuvoirs et bains d&rsquo;oiseaux<\/h3>\n\n<p class=\"has-medium-font-size\">Comme des fleurs qui s\u2019\u00e9panouissent dans des endroits inattendus, chaque histoire se d\u00e9ploie avec beaut\u00e9 et r\u00e9silience.<\/p><\/div>\n\n<div class=\"wp-block-column is-layout-flow wp-block-column-is-layout-flow\"><figure class=\"wp-block-image size-full\" style=\"margin-bottom:24px\"><img loading=\"lazy\" decoding=\"async\" width=\"1920\" height=\"1080\" src=\"https:\/\/www2.atelier-pagan.fr\/wp-content\/uploads\/2025\/05\/DSCF4517-Grand.jpg\" alt=\"\" class=\"wp-image-18\" style=\"aspect-ratio:4\/3;object-fit:cover\" srcset=\"https:\/\/www2.atelier-pagan.fr\/wp-content\/uploads\/2025\/05\/DSCF4517-Grand.jpg 1920w, https:\/\/www2.atelier-pagan.fr\/wp-content\/uploads\/2025\/05\/DSCF4517-Grand-600x338.jpg 600w, https:\/\/www2.atelier-pagan.fr\/wp-content\/uploads\/2025\/05\/DSCF4517-Grand-300x169.jpg 300w, https:\/\/www2.atelier-pagan.fr\/wp-content\/uploads\/2025\/05\/DSCF4517-Grand-1024x576.jpg 1024w, https:\/\/www2.atelier-pagan.fr\/wp-content\/uploads\/2025\/05\/DSCF4517-Grand-768x432.jpg 768w, https:\/\/www2.atelier-pagan.fr\/wp-content\/uploads\/2025\/05\/DSCF4517-Grand-1536x864.jpg 1536w\" sizes=\"auto, (max-width: 1920px) 100vw, 1920px\" \/><\/figure>\n\n<h3 class=\"wp-block-heading\">Arches<\/h3>\n\n<p class=\"has-medium-font-size\">Comme des fleurs qui s\u2019\u00e9panouissent dans des endroits inattendus, chaque histoire se d\u00e9ploie avec beaut\u00e9 et r\u00e9silience.<\/p><\/div>\n\n<div class=\"wp-block-column is-layout-flow wp-block-column-is-layout-flow\"><figure class=\"wp-block-image size-full\" style=\"margin-bottom:24px\"><img loading=\"lazy\" decoding=\"async\" width=\"1707\" height=\"2560\" src=\"https:\/\/www2.atelier-pagan.fr\/wp-content\/uploads\/2025\/05\/tuteurs-3-scaled.jpg\" alt=\"\" class=\"wp-image-19\" style=\"aspect-ratio:4\/3;object-fit:cover\" srcset=\"https:\/\/www2.atelier-pagan.fr\/wp-content\/uploads\/2025\/05\/tuteurs-3-scaled.jpg 1707w, https:\/\/www2.atelier-pagan.fr\/wp-content\/uploads\/2025\/05\/tuteurs-3-scaled-600x900.jpg 600w, https:\/\/www2.atelier-pagan.fr\/wp-content\/uploads\/2025\/05\/tuteurs-3-200x300.jpg 200w, https:\/\/www2.atelier-pagan.fr\/wp-content\/uploads\/2025\/05\/tuteurs-3-683x1024.jpg 683w, https:\/\/www2.atelier-pagan.fr\/wp-content\/uploads\/2025\/05\/tuteurs-3-768x1152.jpg 768w, https:\/\/www2.atelier-pagan.fr\/wp-content\/uploads\/2025\/05\/tuteurs-3-1024x1536.jpg 1024w, https:\/\/www2.atelier-pagan.fr\/wp-content\/uploads\/2025\/05\/tuteurs-3-1365x2048.jpg 1365w\" sizes=\"auto, (max-width: 1707px) 100vw, 1707px\" \/><\/figure>\n\n<h3 class=\"wp-block-heading\">Tuteurs<\/h3>\n\n<p class=\"has-medium-font-size\">Comme des fleurs qui s\u2019\u00e9panouissent dans des endroits inattendus, chaque histoire se d\u00e9ploie avec beaut\u00e9 et r\u00e9silience.<\/p><\/div><\/div><\/div><div class=\"wp-block-group alignfull has-global-padding is-layout-constrained wp-block-group-is-layout-constrained\" style=\"margin-top:0;margin-bottom:0;padding-top:var(--wp--preset--spacing--60);padding-bottom:var(--wp--preset--spacing--60)\"><div class=\"wp-block-columns alignwide is-layout-flex wp-container-core-columns-is-layout-74b2cda3 wp-block-columns-is-layout-flex\"><div class=\"wp-block-column is-layout-flow wp-block-column-is-layout-flow\"><div class=\"wp-block-group is-vertical is-content-justification-left is-layout-flex wp-container-core-group-is-layout-7ce391b6 wp-block-group-is-layout-flex\" style=\"min-height:100%\"><h2 class=\"wp-block-heading is-style-text-annotation has-x-small-font-size\">T\u00e9moignages<\/h2>\n\n<blockquote class=\"wp-block-quote is-style-plain has-x-large-font-size is-layout-flow wp-container-core-quote-is-layout-5dafc681 wp-block-quote-is-layout-flow is-style-plain--1\" style=\"font-style:normal;font-weight:400\"><div class=\"wp-block-group has-global-padding is-content-justification-left is-layout-constrained wp-container-core-group-is-layout-085bd3d9 wp-block-group-is-layout-constrained\" style=\"margin-top:0;margin-bottom:0;padding-top:0;padding-right:0;padding-bottom:0;padding-left:0\"><p class=\"has-xx-large-font-size\">\u00ab&nbsp;Produit et service client exceptionnels&nbsp;!&nbsp;\u00bb<\/p><\/div><cite>Jeanne Desmoulins <br><sub>Rennes, Bretagne<\/sub><\/cite><\/blockquote><\/div><\/div>\n\n<div class=\"wp-block-column is-layout-flow wp-block-column-is-layout-flow\" style=\"padding-top:0;padding-right:0;padding-bottom:0;padding-left:0\"><figure class=\"wp-block-image size-large\"><img loading=\"lazy\" decoding=\"async\" width=\"1024\" height=\"683\" src=\"https:\/\/www2.atelier-pagan.fr\/wp-content\/uploads\/2025\/05\/IMG_6430-Grand-1024x683.jpg\" alt=\"\" class=\"wp-image-20\" style=\"aspect-ratio:3\/2;object-fit:cover\" srcset=\"https:\/\/www2.atelier-pagan.fr\/wp-content\/uploads\/2025\/05\/IMG_6430-Grand-1024x683.jpg 1024w, https:\/\/www2.atelier-pagan.fr\/wp-content\/uploads\/2025\/05\/IMG_6430-Grand-600x400.jpg 600w, https:\/\/www2.atelier-pagan.fr\/wp-content\/uploads\/2025\/05\/IMG_6430-Grand-300x200.jpg 300w, https:\/\/www2.atelier-pagan.fr\/wp-content\/uploads\/2025\/05\/IMG_6430-Grand-768x512.jpg 768w, https:\/\/www2.atelier-pagan.fr\/wp-content\/uploads\/2025\/05\/IMG_6430-Grand-1536x1024.jpg 1536w, https:\/\/www2.atelier-pagan.fr\/wp-content\/uploads\/2025\/05\/IMG_6430-Grand.jpg 1620w\" sizes=\"auto, (max-width: 1024px) 100vw, 1024px\" \/><\/figure><\/div><\/div><\/div>","protected":false},"excerpt":{"rendered":"<p>Ferronnerie d&rsquo;art pour le Jardin \u00c0 propos Bas\u00e9e \u00e0 Lanv\u00e9n\u00e9gen, l&rsquo;Atelier Pagan est une entreprise de ferronnerie d&rsquo;art. Depuis 2018, je fabrique des ornements pour le jardin,simples, solides, \u00e9l\u00e9gants et a\u00e9riens. Quelques cr\u00e9ations Abreuvoirs et bains d&rsquo;oiseaux Comme des fleurs qui s\u2019\u00e9panouissent dans des endroits inattendus, chaque histoire se d\u00e9ploie avec beaut\u00e9 et r\u00e9silience. Arches [&hellip;]<\/p>\n","protected":false},"author":1,"featured_media":0,"parent":0,"menu_order":0,"comment_status":"closed","ping_status":"closed","template":"","meta":{"footnotes":""},"class_list":["post-13","page","type-page","status-publish","hentry"],"_links":{"self":[{"href":"https:\/\/www2.atelier-pagan.fr\/index.php\/wp-json\/wp\/v2\/pages\/13","targetHints":{"allow":["GET"]}}],"collection":[{"href":"https:\/\/www2.atelier-pagan.fr\/index.php\/wp-json\/wp\/v2\/pages"}],"about":[{"href":"https:\/\/www2.atelier-pagan.fr\/index.php\/wp-json\/wp\/v2\/types\/page"}],"author":[{"embeddable":true,"href":"https:\/\/www2.atelier-pagan.fr\/index.php\/wp-json\/wp\/v2\/users\/1"}],"replies":[{"embeddable":true,"href":"https:\/\/www2.atelier-pagan.fr\/index.php\/wp-json\/wp\/v2\/comments?post=13"}],"version-history":[{"count":3,"href":"https:\/\/www2.atelier-pagan.fr\/index.php\/wp-json\/wp\/v2\/pages\/13\/revisions"}],"predecessor-version":[{"id":120,"href":"https:\/\/www2.atelier-pagan.fr\/index.php\/wp-json\/wp\/v2\/pages\/13\/revisions\/120"}],"wp:attachment":[{"href":"https:\/\/www2.atelier-pagan.fr\/index.php\/wp-json\/wp\/v2\/media?parent=13"}],"curies":[{"name":"wp","href":"https:\/\/api.w.org\/{rel}","templated":true}]}}